{"id":63,"date":"2024-09-29T13:46:11","date_gmt":"2024-09-29T11:46:11","guid":{"rendered":"https:\/\/www.fitfajnotky.sk\/?page_id=63"},"modified":"2025-09-24T19:25:37","modified_gmt":"2025-09-24T17:25:37","slug":"produkty","status":"publish","type":"page","link":"https:\/\/www.fitfajnotky.sk\/?page_id=63","title":{"rendered":"Produkty"},"content":{"rendered":"\t\t<div data-elementor-type=\"wp-page\" data-elementor-id=\"63\" class=\"elementor elementor-63\">\n\t\t\t\t<div class=\"elementor-element elementor-element-8dd438e e-flex e-con-boxed e-con e-parent\" data-id=\"8dd438e\" data-element_type=\"container\">\n\t\t\t\t\t<div class=\"e-con-inner\">\n\t\t\t\t<div class=\"elementor-element elementor-element-d85dd0f elementor-widget elementor-widget-heading\" data-id=\"d85dd0f\" data-element_type=\"widget\" data-widget_type=\"heading.default\">\n\t\t\t\t<div class=\"elementor-widget-container\">\n\t\t\t<style>\/*! elementor - v3.23.0 - 05-08-2024 *\/\n.elementor-heading-title{padding:0;margin:0;line-height:1}.elementor-widget-heading .elementor-heading-title[class*=elementor-size-]>a{color:inherit;font-size:inherit;line-height:inherit}.elementor-widget-heading .elementor-heading-title.elementor-size-small{font-size:15px}.elementor-widget-heading .elementor-heading-title.elementor-size-medium{font-size:19px}.elementor-widget-heading .elementor-heading-title.elementor-size-large{font-size:29px}.elementor-widget-heading .elementor-heading-title.elementor-size-xl{font-size:39px}.elementor-widget-heading .elementor-heading-title.elementor-size-xxl{font-size:59px}<\/style><h2 class=\"elementor-heading-title elementor-size-default\">N\u00e1\u0161 sortiment<\/h2>\t\t<\/div>\n\t\t\t\t<\/div>\n\t\t\t\t\t<\/div>\n\t\t\t\t<\/div>\n\t\t<div class=\"elementor-element elementor-element-3ccc2cd e-flex e-con-boxed e-con e-parent\" data-id=\"3ccc2cd\" data-element_type=\"container\">\n\t\t\t\t\t<div class=\"e-con-inner\">\n\t\t\t\t<div class=\"elementor-element elementor-element-28158d2 elementor-widget elementor-widget-text-editor\" data-id=\"28158d2\" data-element_type=\"widget\" data-widget_type=\"text-editor.default\">\n\t\t\t\t<div class=\"elementor-widget-container\">\n\t\t\t<style>\/*! elementor - v3.23.0 - 05-08-2024 *\/\n.elementor-widget-text-editor.elementor-drop-cap-view-stacked .elementor-drop-cap{background-color:#69727d;color:#fff}.elementor-widget-text-editor.elementor-drop-cap-view-framed .elementor-drop-cap{color:#69727d;border:3px solid;background-color:transparent}.elementor-widget-text-editor:not(.elementor-drop-cap-view-default) .elementor-drop-cap{margin-top:8px}.elementor-widget-text-editor:not(.elementor-drop-cap-view-default) .elementor-drop-cap-letter{width:1em;height:1em}.elementor-widget-text-editor .elementor-drop-cap{float:left;text-align:center;line-height:1;font-size:50px}.elementor-widget-text-editor .elementor-drop-cap-letter{display:inline-block}<\/style>\t\t\t\t<ul>\n<li>zdrav\u00e9 sladkosti<\/li>\n<li>bezlepkov\u00e9 potraviny<\/li>\n<li>vegan potraviny<\/li>\n<li>lyofilizovan\u00e9 ovocie<\/li>\n<li>\u0161portov\u00e1 v\u00fd\u017eiva<\/li>\n<li>prote\u00ednov\u00e9, raw ty\u010dinky<\/li>\n<li>n\u00edzkokalorick\u00e9 sladidl\u00e1 a sirupy<\/li>\n<li>orie\u0161kov\u00e9 masl\u00e1<\/li>\n<li>ovsen\u00e9 vlo\u010dky, granoly,ka\u0161e<\/li>\n<li>super potraviny &#8211; chia semienka,spirul\u00edna,chlorella a in\u00e9\u00a0<\/li>\n<li>zdrav\u00e9 n\u00e1poje<\/li>\n<\/ul>\t\t\t\t\t\t<\/div>\n\t\t\t\t<\/div>\n\t\t\t\t\t<\/div>\n\t\t\t\t<\/div>\n\t\t\t\t<\/div>\n\t\t","protected":false},"excerpt":{"rendered":"<p>N\u00e1\u0161 sortiment zdrav\u00e9 sladkosti bezlepkov\u00e9 potraviny vegan potraviny lyofilizovan\u00e9 ovocie \u0161portov\u00e1 v\u00fd\u017eiva prote\u00ednov\u00e9, raw ty\u010dinky n\u00edzkokalorick\u00e9 sladidl\u00e1 a sirupy orie\u0161kov\u00e9 masl\u00e1 ovsen\u00e9 vlo\u010dky, granoly,ka\u0161e super potraviny &#8211; chia semienka,spirul\u00edna,chlorella a in\u00e9\u00a0 zdrav\u00e9 n\u00e1poje<\/p>\n","protected":false},"author":1,"featured_media":0,"parent":0,"menu_order":2,"comment_status":"closed","ping_status":"closed","template":"","meta":{"footnotes":""},"class_list":["post-63","page","type-page","status-publish","hentry"],"jetpack_sharing_enabled":true,"_links":{"self":[{"href":"https:\/\/www.fitfajnotky.sk\/index.php?rest_route=\/wp\/v2\/pages\/63","targetHints":{"allow":["GET"]}}],"collection":[{"href":"https:\/\/www.fitfajnotky.sk\/index.php?rest_route=\/wp\/v2\/pages"}],"about":[{"href":"https:\/\/www.fitfajnotky.sk\/index.php?rest_route=\/wp\/v2\/types\/page"}],"author":[{"embeddable":true,"href":"https:\/\/www.fitfajnotky.sk\/index.php?rest_route=\/wp\/v2\/users\/1"}],"replies":[{"embeddable":true,"href":"https:\/\/www.fitfajnotky.sk\/index.php?rest_route=%2Fwp%2Fv2%2Fcomments&post=63"}],"version-history":[{"count":11,"href":"https:\/\/www.fitfajnotky.sk\/index.php?rest_route=\/wp\/v2\/pages\/63\/revisions"}],"predecessor-version":[{"id":153,"href":"https:\/\/www.fitfajnotky.sk\/index.php?rest_route=\/wp\/v2\/pages\/63\/revisions\/153"}],"wp:attachment":[{"href":"https:\/\/www.fitfajnotky.sk\/index.php?rest_route=%2Fwp%2Fv2%2Fmedia&parent=63"}],"curies":[{"name":"wp","href":"https:\/\/api.w.org\/{rel}","templated":true}]}}