{"id":8,"date":"2024-08-31T11:42:41","date_gmt":"2024-08-31T09:42:41","guid":{"rendered":"https:\/\/www.fitfajnotky.sk\/?page_id=8"},"modified":"2024-09-02T16:31:12","modified_gmt":"2024-09-02T14:31:12","slug":"home","status":"publish","type":"page","link":"https:\/\/www.fitfajnotky.sk\/?page_id=8","title":{"rendered":"Home"},"content":{"rendered":"\n<h3 class=\"wp-block-heading\"><strong>Vitajte v na\u0161om obchode so zdrav\u00fdmi doplnkami a n\u00edzkocukrov\u00fdmi potravinami!<\/strong><\/h3>\n\n\n\n<p><strong>Posilnite svoje zdravie s na\u0161imi pr\u00e9miov\u00fdmi produktmi.<\/strong>&nbsp;Na\u0161a ponuka zah\u0155\u0148a \u0161irok\u00fd v\u00fdber kvalitn\u00fdch doplnkov stravy a n\u00edzkocukrov\u00fdch potrav\u00edn, ktor\u00e9 v\u00e1m pom\u00f4\u017eu dosiahnu\u0165 va\u0161e zdravotn\u00e9 ciele.<\/p>\n\n\n\n<h4 class=\"wp-block-heading\"><strong>Pre\u010do si vybra\u0165 n\u00e1s?<\/strong><\/h4>\n\n\n\n<ul class=\"wp-block-list\">\n<li><strong>N\u00edzky obsah cukru<\/strong>: Na\u0161e produkty s\u00fa starostlivo vybran\u00e9 a obsahuj\u00fa minim\u00e1lne mno\u017estvo cukru, aby podporili v\u00e1\u0161 zdrav\u00fd \u017eivotn\u00fd \u0161t\u00fdl.<\/li>\n\n\n\n<li><strong>Organick\u00e9 zlo\u017eky<\/strong>: Pou\u017e\u00edvame len tie najlep\u0161ie pr\u00edrodn\u00e9 a organick\u00e9 zlo\u017eky, ktor\u00e9 s\u00fa \u0161etrn\u00e9 k v\u00e1\u0161mu telu aj k \u017eivotn\u00e9mu prostrediu.<\/li>\n\n\n\n<li><strong>Vegan-friendly<\/strong>: Mnoh\u00e9 z na\u0161ich produktov s\u00fa vhodn\u00e9 pre veg\u00e1nov, tak\u017ee si m\u00f4\u017eete by\u0165 ist\u00ed, \u017ee podporujete etick\u00e9 a udr\u017eate\u013en\u00e9 praktiky.<\/li>\n<\/ul>\n\n\n\n<h4 class=\"wp-block-heading\"><strong>Odpor\u00fa\u010dan\u00e9 produkty<\/strong><\/h4>\n\n\n\n<p>Nav\u0161t\u00edvte nas a prezrite si na\u0161e najpred\u00e1vanej\u0161ie a nov\u00e9 produkty, ktor\u00e9 v\u00e1m pom\u00f4\u017eu dosiahnu\u0165 optim\u00e1lne zdravie a pohodu.<\/p>\n\n\n\n<p><\/p>\n","protected":false},"excerpt":{"rendered":"<p>Vitajte v na\u0161om obchode so zdrav\u00fdmi doplnkami a n\u00edzkocukrov\u00fdmi potravinami! Posilnite svoje zdravie s na\u0161imi pr\u00e9miov\u00fdmi produktmi.&nbsp;Na\u0161a ponuka zah\u0155\u0148a \u0161irok\u00fd v\u00fdber kvalitn\u00fdch doplnkov stravy a n\u00edzkocukrov\u00fdch potrav\u00edn, ktor\u00e9 v\u00e1m pom\u00f4\u017eu dosiahnu\u0165 va\u0161e zdravotn\u00e9 ciele. Pre\u010do si vybra\u0165 n\u00e1s? Odpor\u00fa\u010dan\u00e9 produkty Nav\u0161t\u00edvte nas a prezrite si na\u0161e najpred\u00e1vanej\u0161ie a nov\u00e9 produkty, ktor\u00e9 v\u00e1m pom\u00f4\u017eu dosiahnu\u0165 optim\u00e1lne [&hellip;]<\/p>\n","protected":false},"author":1,"featured_media":0,"parent":0,"menu_order":0,"comment_status":"closed","ping_status":"closed","template":"templates\/template-homepage.php","meta":{"footnotes":""},"class_list":["post-8","page","type-page","status-publish","hentry"],"jetpack_sharing_enabled":true,"_links":{"self":[{"href":"https:\/\/www.fitfajnotky.sk\/index.php?rest_route=\/wp\/v2\/pages\/8","targetHints":{"allow":["GET"]}}],"collection":[{"href":"https:\/\/www.fitfajnotky.sk\/index.php?rest_route=\/wp\/v2\/pages"}],"about":[{"href":"https:\/\/www.fitfajnotky.sk\/index.php?rest_route=\/wp\/v2\/types\/page"}],"author":[{"embeddable":true,"href":"https:\/\/www.fitfajnotky.sk\/index.php?rest_route=\/wp\/v2\/users\/1"}],"replies":[{"embeddable":true,"href":"https:\/\/www.fitfajnotky.sk\/index.php?rest_route=%2Fwp%2Fv2%2Fcomments&post=8"}],"version-history":[{"count":3,"href":"https:\/\/www.fitfajnotky.sk\/index.php?rest_route=\/wp\/v2\/pages\/8\/revisions"}],"predecessor-version":[{"id":30,"href":"https:\/\/www.fitfajnotky.sk\/index.php?rest_route=\/wp\/v2\/pages\/8\/revisions\/30"}],"wp:attachment":[{"href":"https:\/\/www.fitfajnotky.sk\/index.php?rest_route=%2Fwp%2Fv2%2Fmedia&parent=8"}],"curies":[{"name":"wp","href":"https:\/\/api.w.org\/{rel}","templated":true}]}}