{"id":97,"date":"2024-10-17T15:12:57","date_gmt":"2024-10-17T13:12:57","guid":{"rendered":"https:\/\/www.fitfajnotky.sk\/?page_id=97"},"modified":"2025-01-02T12:10:00","modified_gmt":"2025-01-02T11:10:00","slug":"kontakt","status":"publish","type":"page","link":"https:\/\/www.fitfajnotky.sk\/?page_id=97","title":{"rendered":"Kontakt"},"content":{"rendered":"\n<p>Fit Fajnotky<br>Prev\u00e1dzka: Trieda KVP 1, 04023 Ko\u0161ice<br>Nad Billou oproti re\u0161taur\u00e1cii<\/p>\n\n\n\n<p>Otv\u00e1racie hodiny:<br>Pon.-Pia: 10:00-17:00<br>Sobota: Zatvoren\u00e9 <br>Nede\u013ea: Zatvoren\u00e9<\/p>\n\n\n\n<p>G ProLife s.r.o.&nbsp;<br>S\u00eddlo:Werferova 6, 04011 Ko\u0161ice<br>I\u010cO: 56245327<br><\/p>\n\n\n\n<p><\/p>\n\n\n\n<div class=\"wp-block-group is-vertical is-layout-flex wp-container-core-group-is-layout-fe9cc265 wp-block-group-is-layout-flex\">\n<div class=\"wp-block-group is-vertical is-layout-flex wp-container-core-group-is-layout-fe9cc265 wp-block-group-is-layout-flex\">\n<p><\/p>\n<\/div>\n<\/div>\n\n\n\n<p><\/p>\n","protected":false},"excerpt":{"rendered":"<p>Fit FajnotkyPrev\u00e1dzka: Trieda KVP 1, 04023 Ko\u0161iceNad Billou oproti re\u0161taur\u00e1cii Otv\u00e1racie hodiny:Pon.-Pia: 10:00-17:00Sobota: Zatvoren\u00e9 Nede\u013ea: Zatvoren\u00e9 G ProLife s.r.o.&nbsp;S\u00eddlo:Werferova 6, 04011 Ko\u0161iceI\u010cO: 56245327<\/p>\n","protected":false},"author":1,"featured_media":0,"parent":0,"menu_order":0,"comment_status":"closed","ping_status":"closed","template":"","meta":{"footnotes":""},"class_list":["post-97","page","type-page","status-publish","hentry"],"jetpack_sharing_enabled":true,"_links":{"self":[{"href":"https:\/\/www.fitfajnotky.sk\/index.php?rest_route=\/wp\/v2\/pages\/97","targetHints":{"allow":["GET"]}}],"collection":[{"href":"https:\/\/www.fitfajnotky.sk\/index.php?rest_route=\/wp\/v2\/pages"}],"about":[{"href":"https:\/\/www.fitfajnotky.sk\/index.php?rest_route=\/wp\/v2\/types\/page"}],"author":[{"embeddable":true,"href":"https:\/\/www.fitfajnotky.sk\/index.php?rest_route=\/wp\/v2\/users\/1"}],"replies":[{"embeddable":true,"href":"https:\/\/www.fitfajnotky.sk\/index.php?rest_route=%2Fwp%2Fv2%2Fcomments&post=97"}],"version-history":[{"count":7,"href":"https:\/\/www.fitfajnotky.sk\/index.php?rest_route=\/wp\/v2\/pages\/97\/revisions"}],"predecessor-version":[{"id":117,"href":"https:\/\/www.fitfajnotky.sk\/index.php?rest_route=\/wp\/v2\/pages\/97\/revisions\/117"}],"wp:attachment":[{"href":"https:\/\/www.fitfajnotky.sk\/index.php?rest_route=%2Fwp%2Fv2%2Fmedia&parent=97"}],"curies":[{"name":"wp","href":"https:\/\/api.w.org\/{rel}","templated":true}]}}